{"id":47,"date":"2024-05-02T21:09:28","date_gmt":"2024-05-02T21:09:28","guid":{"rendered":"https:\/\/fiskelycka.nu\/Fiskelycka\/?page_id=47"},"modified":"2025-10-17T19:09:36","modified_gmt":"2025-10-17T19:09:36","slug":"flugor","status":"publish","type":"page","link":"https:\/\/fiskelycka.nu\/?page_id=47","title":{"rendered":"Flugor"},"content":{"rendered":"\n<p><\/p>\n\n\n\n<figure class=\"wp-block-image size-large has-custom-border\"><img loading=\"lazy\" decoding=\"async\" width=\"1024\" height=\"724\" src=\"https:\/\/fiskelycka.nu\/wp-content\/uploads\/2024\/07\/flugbi2-1024x724.jpg\" alt=\"\" class=\"wp-image-116\" style=\"border-radius:75px;object-fit:cover\" srcset=\"https:\/\/fiskelycka.nu\/wp-content\/uploads\/2024\/07\/flugbi2-1024x724.jpg 1024w, https:\/\/fiskelycka.nu\/wp-content\/uploads\/2024\/07\/flugbi2-300x212.jpg 300w, https:\/\/fiskelycka.nu\/wp-content\/uploads\/2024\/07\/flugbi2-768x543.jpg 768w, https:\/\/fiskelycka.nu\/wp-content\/uploads\/2024\/07\/flugbi2-1536x1086.jpg 1536w, https:\/\/fiskelycka.nu\/wp-content\/uploads\/2024\/07\/flugbi2-2048x1448.jpg 2048w\" sizes=\"auto, (max-width: 1024px) 100vw, 1024px\" \/><\/figure>\n\n\n\n<figure class=\"wp-block-image size-large has-custom-border is-style-default wp-duotone-unset-1\"><img loading=\"lazy\" decoding=\"async\" width=\"1024\" height=\"724\" src=\"https:\/\/fiskelycka.nu\/wp-content\/uploads\/2024\/05\/flugbi-1024x724.jpg\" alt=\"\" class=\"wp-image-104\" style=\"border-style:none;border-width:0px;border-radius:75px;object-fit:cover\" srcset=\"https:\/\/fiskelycka.nu\/wp-content\/uploads\/2024\/05\/flugbi-1024x724.jpg 1024w, https:\/\/fiskelycka.nu\/wp-content\/uploads\/2024\/05\/flugbi-300x212.jpg 300w, https:\/\/fiskelycka.nu\/wp-content\/uploads\/2024\/05\/flugbi-768x543.jpg 768w, https:\/\/fiskelycka.nu\/wp-content\/uploads\/2024\/05\/flugbi-1536x1086.jpg 1536w, https:\/\/fiskelycka.nu\/wp-content\/uploads\/2024\/05\/flugbi-2048x1448.jpg 2048w\" sizes=\"auto, (max-width: 1024px) 100vw, 1024px\" \/><\/figure>\n\n\n\n<div class=\"wp-block-cover wp-duotone-unset-2\" style=\"border-radius:75px\"><img loading=\"lazy\" decoding=\"async\" width=\"1024\" height=\"724\" class=\"wp-block-cover__image-background wp-image-143\" alt=\"\" src=\"https:\/\/fiskelycka.nu\/wp-content\/uploads\/2024\/10\/CATS_flugor_2-1024x724.jpg\" data-object-fit=\"cover\" srcset=\"https:\/\/fiskelycka.nu\/wp-content\/uploads\/2024\/10\/CATS_flugor_2-1024x724.jpg 1024w, https:\/\/fiskelycka.nu\/wp-content\/uploads\/2024\/10\/CATS_flugor_2-300x212.jpg 300w, https:\/\/fiskelycka.nu\/wp-content\/uploads\/2024\/10\/CATS_flugor_2-768x543.jpg 768w, https:\/\/fiskelycka.nu\/wp-content\/uploads\/2024\/10\/CATS_flugor_2-1536x1086.jpg 1536w, https:\/\/fiskelycka.nu\/wp-content\/uploads\/2024\/10\/CATS_flugor_2-2048x1448.jpg 2048w\" sizes=\"auto, (max-width: 1024px) 100vw, 1024px\" \/><span aria-hidden=\"true\" class=\"wp-block-cover__background has-background-dim-0 has-background-dim\"><\/span><div class=\"wp-block-cover__inner-container is-layout-flow wp-block-cover-is-layout-flow\">\n<p class=\"has-text-align-center has-large-font-size\" style=\"border-radius:42px\"><\/p>\n<\/div><\/div>\n\n\n\n<div class=\"wp-block-cover wp-duotone-dark-grayscale\" style=\"border-radius:75px\"><img loading=\"lazy\" decoding=\"async\" width=\"1024\" height=\"724\" class=\"wp-block-cover__image-background wp-image-270\" alt=\"\" src=\"https:\/\/fiskelycka.nu\/wp-content\/uploads\/2025\/01\/Torrfluga_storlek_14_JPG-1024x724.jpg\" data-object-fit=\"cover\" srcset=\"https:\/\/fiskelycka.nu\/wp-content\/uploads\/2025\/01\/Torrfluga_storlek_14_JPG-1024x724.jpg 1024w, https:\/\/fiskelycka.nu\/wp-content\/uploads\/2025\/01\/Torrfluga_storlek_14_JPG-300x212.jpg 300w, https:\/\/fiskelycka.nu\/wp-content\/uploads\/2025\/01\/Torrfluga_storlek_14_JPG-768x543.jpg 768w, https:\/\/fiskelycka.nu\/wp-content\/uploads\/2025\/01\/Torrfluga_storlek_14_JPG-1536x1086.jpg 1536w, https:\/\/fiskelycka.nu\/wp-content\/uploads\/2025\/01\/Torrfluga_storlek_14_JPG-2048x1448.jpg 2048w\" sizes=\"auto, (max-width: 1024px) 100vw, 1024px\" \/><span aria-hidden=\"true\" class=\"wp-block-cover__background has-background-dim\"><\/span><div class=\"wp-block-cover__inner-container is-layout-flow wp-container-core-cover-is-layout-8a368f38 wp-block-cover-is-layout-flow\">\n<p class=\"has-text-align-center has-large-font-size\">Sluts\u00e5ld<\/p>\n<\/div><\/div>\n\n\n<style id=\"wpforms-css-vars-44-block-b9597f3c-8781-463a-bedc-49dd6d33ff55\">\n\t\t\t\t#wpforms-44.wpforms-block-b9597f3c-8781-463a-bedc-49dd6d33ff55 {\n\t\t\t\t--wpforms-field-border-size: 3px;\n--wpforms-field-border-radius: 6px;\n--wpforms-field-size-input-height: 43px;\n--wpforms-field-size-input-spacing: 15px;\n--wpforms-field-size-font-size: 16px;\n--wpforms-field-size-line-height: 19px;\n--wpforms-field-size-padding-h: 14px;\n--wpforms-field-size-checkbox-size: 16px;\n--wpforms-field-size-sublabel-spacing: 5px;\n--wpforms-field-size-icon-size: 1;\n--wpforms-label-size-font-size: 16px;\n--wpforms-label-size-line-height: 19px;\n--wpforms-label-size-sublabel-font-size: 14px;\n--wpforms-label-size-sublabel-line-height: 17px;\n--wpforms-button-size-font-size: 17px;\n--wpforms-button-size-height: 41px;\n--wpforms-button-size-padding-h: 15px;\n--wpforms-button-size-margin-top: 10px;\n\t\t\t}\n\t\t\t<\/style><div class=\"wpforms-container wpforms-container-full wpforms-block wpforms-block-b9597f3c-8781-463a-bedc-49dd6d33ff55 wpforms-render-modern\" id=\"wpforms-44\"><form id=\"wpforms-form-44\" class=\"wpforms-validate wpforms-form wpforms-ajax-form\" data-formid=\"44\" method=\"post\" enctype=\"multipart\/form-data\" action=\"\/index.php?rest_route=%2Fwp%2Fv2%2Fpages%2F47\" data-token=\"07c5a660dce4b2d74ffcd3344d2b4425\" data-token-time=\"1776500970\"><noscript class=\"wpforms-error-noscript\">Please enable JavaScript in your browser to complete this form.<\/noscript><div id=\"wpforms-error-noscript\" style=\"display: none;\">Please enable JavaScript in your browser to complete this form.<\/div><div class=\"wpforms-field-container\"><div id=\"wpforms-44-field_0-container\" class=\"wpforms-field wpforms-field-name\" data-field-id=\"0\"><fieldset><legend class=\"wpforms-field-label\">Name <span class=\"wpforms-required-label\" aria-hidden=\"true\">*<\/span><\/legend><div class=\"wpforms-field-row wpforms-field-large\"><div class=\"wpforms-field-row-block wpforms-first wpforms-one-half\"><input type=\"text\" id=\"wpforms-44-field_0\" class=\"wpforms-field-name-first wpforms-field-required\" name=\"wpforms[fields][0][first]\" placeholder=\"F\u00f6rnamn\" aria-errormessage=\"wpforms-44-field_0-error\" required><label for=\"wpforms-44-field_0\" class=\"wpforms-field-sublabel after wpforms-sublabel-hide\">First<\/label><\/div><div class=\"wpforms-field-row-block wpforms-one-half\"><input type=\"text\" id=\"wpforms-44-field_0-last\" class=\"wpforms-field-name-last wpforms-field-required\" name=\"wpforms[fields][0][last]\" placeholder=\"Efternamn\" aria-errormessage=\"wpforms-44-field_0-last-error\" required><label for=\"wpforms-44-field_0-last\" class=\"wpforms-field-sublabel after wpforms-sublabel-hide\">Last<\/label><\/div><\/div><\/fieldset><\/div><div id=\"wpforms-44-field_13-container\" class=\"wpforms-field wpforms-field-name\" data-field-id=\"13\"><fieldset><legend class=\"wpforms-field-label\">Adress <span class=\"wpforms-required-label\" aria-hidden=\"true\">*<\/span><\/legend><div class=\"wpforms-field-row wpforms-field-large\"><div class=\"wpforms-field-row-block wpforms-first wpforms-two-fifths\"><input type=\"text\" id=\"wpforms-44-field_13\" class=\"wpforms-field-name-first wpforms-field-required\" name=\"wpforms[fields][13][first]\" placeholder=\"Gata\" aria-errormessage=\"wpforms-44-field_13-error\" required><label for=\"wpforms-44-field_13\" class=\"wpforms-field-sublabel after wpforms-sublabel-hide\">First<\/label><\/div><div class=\"wpforms-field-row-block wpforms-one-fifth\"><input type=\"text\" id=\"wpforms-44-field_13-middle\" class=\"wpforms-field-name-middle\" name=\"wpforms[fields][13][middle]\" placeholder=\"Postnummer\" aria-errormessage=\"wpforms-44-field_13-middle-error\" ><label for=\"wpforms-44-field_13-middle\" class=\"wpforms-field-sublabel after wpforms-sublabel-hide\">Middle<\/label><\/div><div class=\"wpforms-field-row-block wpforms-two-fifths\"><input type=\"text\" id=\"wpforms-44-field_13-last\" class=\"wpforms-field-name-last wpforms-field-required\" name=\"wpforms[fields][13][last]\" placeholder=\"Stad\" aria-errormessage=\"wpforms-44-field_13-last-error\" required><label for=\"wpforms-44-field_13-last\" class=\"wpforms-field-sublabel after wpforms-sublabel-hide\">Last<\/label><\/div><\/div><\/fieldset><\/div><div id=\"wpforms-44-field_1-container\" class=\"wpforms-field wpforms-field-email\" data-field-id=\"1\"><label class=\"wpforms-field-label\" for=\"wpforms-44-field_1\">Email <span class=\"wpforms-required-label\" aria-hidden=\"true\">*<\/span><\/label><input type=\"email\" id=\"wpforms-44-field_1\" class=\"wpforms-field-medium wpforms-field-required\" name=\"wpforms[fields][1]\" placeholder=\"epost@gmail.com\" spellcheck=\"false\" aria-errormessage=\"wpforms-44-field_1-error\" required><\/div><div id=\"wpforms-44-field_34-container\" class=\"wpforms-field wpforms-field-select wpforms-field-select-style-modern\" data-field-id=\"34\"><label class=\"wpforms-field-label\" for=\"wpforms-44-field_34\">V\u00e4lj Flugaskar (g\u00e5r att v\u00e4lja flera) <span class=\"wpforms-required-label\" aria-hidden=\"true\">*<\/span><\/label><select id=\"wpforms-44-field_34\" class=\"wpforms-field-medium wpforms-field-required choicesjs-select\" data-size-class=\"wpforms-field-row wpforms-field-medium\" data-search-enabled=\"\" name=\"wpforms[fields][34][]\" required=\"required\" multiple=\"multiple\"><option value=\"\" class=\"placeholder\" disabled ><\/option><option value=\"Autobots-Booby - 200kr\"  class=\"choice-2 depth-1\"  >Autobots-Booby &#8211; 200kr<\/option><option value=\"Booby - 200kr\"  class=\"choice-3 depth-1\"  >Booby &#8211; 200kr<\/option><option value=\"Cats - 250kr\"  class=\"choice-4 depth-1\"  >Cats &#8211; 250kr<\/option><\/select><div id=\"wpforms-44-field_34-description\" class=\"wpforms-field-description\">Torrisar \u00e4r sluts\u00e5lda. Vi skickar ordern s\u00e5 fort vi mottagit betalningen. Cats och torrisar kostar 250kr, Booby askarna kostar 200kr\/st. Om du inte har m\u00f6jlighet att betala med swish kan du betala via Bankgiro 744-6016 (som meddelande anv\u00e4nd F\u00f6rnamn &amp; Efternamn)<\/div><\/div><div id=\"wpforms-44-field_36-container\" class=\"wpforms-field wpforms-field-textarea\" data-field-id=\"36\"><label class=\"wpforms-field-label\" for=\"wpforms-44-field_36\">Kommentar<\/label><textarea id=\"wpforms-44-field_36\" class=\"wpforms-field-medium\" name=\"wpforms[fields][36]\" aria-errormessage=\"wpforms-44-field_36-error\" ><\/textarea><\/div><\/div><!-- .wpforms-field-container --><div class=\"wpforms-recaptcha-container wpforms-is-recaptcha wpforms-is-recaptcha-type-v2\" ><div class=\"g-recaptcha\" data-sitekey=\"6Lf8LWgqAAAAAOUja0hCfoCpIPA6d4cFnNG0YRoE\"><\/div><input type=\"text\" name=\"g-recaptcha-hidden\" class=\"wpforms-recaptcha-hidden\" style=\"position:absolute!important;clip:rect(0,0,0,0)!important;height:1px!important;width:1px!important;border:0!important;overflow:hidden!important;padding:0!important;margin:0!important;\" data-rule-recaptcha=\"1\"><\/div><div class=\"wpforms-submit-container\" ><input type=\"hidden\" name=\"wpforms[id]\" value=\"44\"><input type=\"hidden\" name=\"page_title\" value=\"\"><input type=\"hidden\" name=\"page_url\" value=\"https:\/\/fiskelycka.nu\/index.php?rest_route=\/wp\/v2\/pages\/47\"><input type=\"hidden\" name=\"url_referer\" value=\"\"><button type=\"submit\" name=\"wpforms[submit]\" id=\"wpforms-submit-44\" class=\"wpforms-submit\" data-alt-text=\"Sending...\" data-submit-text=\"Submit\" aria-live=\"assertive\" value=\"wpforms-submit\">Submit<\/button><img loading=\"lazy\" decoding=\"async\" src=\"https:\/\/fiskelycka.nu\/wp-content\/plugins\/wpforms-lite\/assets\/images\/submit-spin.svg\" class=\"wpforms-submit-spinner\" style=\"display: none;\" width=\"26\" height=\"26\" alt=\"Loading\"><\/div><\/form><\/div>  <!-- .wpforms-container -->\n\n\n<figure class=\"wp-block-image size-full\"><img loading=\"lazy\" decoding=\"async\" width=\"1000\" height=\"300\" src=\"https:\/\/fiskelycka.nu\/wp-content\/uploads\/2024\/12\/betalaviaswish.png\" alt=\"\" class=\"wp-image-243\" srcset=\"https:\/\/fiskelycka.nu\/wp-content\/uploads\/2024\/12\/betalaviaswish.png 1000w, https:\/\/fiskelycka.nu\/wp-content\/uploads\/2024\/12\/betalaviaswish-300x90.png 300w, https:\/\/fiskelycka.nu\/wp-content\/uploads\/2024\/12\/betalaviaswish-768x230.png 768w\" sizes=\"auto, (max-width: 1000px) 100vw, 1000px\" \/><\/figure>\n","protected":false},"excerpt":{"rendered":"","protected":false},"author":1,"featured_media":0,"parent":0,"menu_order":0,"comment_status":"closed","ping_status":"closed","template":"","meta":{"footnotes":""},"class_list":["post-47","page","type-page","status-publish","hentry"],"_links":{"self":[{"href":"https:\/\/fiskelycka.nu\/index.php?rest_route=\/wp\/v2\/pages\/47","targetHints":{"allow":["GET"]}}],"collection":[{"href":"https:\/\/fiskelycka.nu\/index.php?rest_route=\/wp\/v2\/pages"}],"about":[{"href":"https:\/\/fiskelycka.nu\/index.php?rest_route=\/wp\/v2\/types\/page"}],"author":[{"embeddable":true,"href":"https:\/\/fiskelycka.nu\/index.php?rest_route=\/wp\/v2\/users\/1"}],"replies":[{"embeddable":true,"href":"https:\/\/fiskelycka.nu\/index.php?rest_route=%2Fwp%2Fv2%2Fcomments&post=47"}],"version-history":[{"count":23,"href":"https:\/\/fiskelycka.nu\/index.php?rest_route=\/wp\/v2\/pages\/47\/revisions"}],"predecessor-version":[{"id":305,"href":"https:\/\/fiskelycka.nu\/index.php?rest_route=\/wp\/v2\/pages\/47\/revisions\/305"}],"wp:attachment":[{"href":"https:\/\/fiskelycka.nu\/index.php?rest_route=%2Fwp%2Fv2%2Fmedia&parent=47"}],"curies":[{"name":"wp","href":"https:\/\/api.w.org\/{rel}","templated":true}]}}